{"id":1806,"date":"2024-06-14T12:32:06","date_gmt":"2024-06-14T10:32:06","guid":{"rendered":"https:\/\/hydrography.boku.ac.at\/wordpress\/?page_id=1806"},"modified":"2025-01-28T14:30:06","modified_gmt":"2025-01-28T13:30:06","slug":"info-panel-05","status":"publish","type":"page","link":"https:\/\/hydrography.boku.ac.at\/wordpress\/de\/info-panel-05\/","title":{"rendered":"Info Panel 05"},"content":{"rendered":"<div data-elementor-type=\"wp-page\" data-elementor-id=\"1806\" class=\"elementor elementor-1806\" data-elementor-settings=\"{&quot;ha_cmc_init_switcher&quot;:&quot;no&quot;}\">\n\t\t\t\t\t\t<section class=\"has_eae_slider elementor-section elementor-top-section elementor-element elementor-element-ee8b142 elementor-section-boxed elementor-section-height-default elementor-section-height-default\" data-eae-slider=\"38501\" data-id=\"ee8b142\" data-element_type=\"section\" data-e-type=\"section\" data-settings=\"{&quot;_ha_eqh_enable&quot;:false}\">\n\t\t\t\t\t\t<div class=\"elementor-container elementor-column-gap-default\">\n\t\t\t\t\t<div class=\"has_eae_slider elementor-column elementor-col-33 elementor-top-column elementor-element elementor-element-d2dcd7b\" data-eae-slider=\"35812\" data-id=\"d2dcd7b\" data-element_type=\"column\" data-e-type=\"column\">\n\t\t\t<div class=\"elementor-widget-wrap elementor-element-populated\">\n\t\t\t\t\t\t<div class=\"elementor-element elementor-element-1498dd0 elementor-view-default elementor-widget elementor-widget-icon\" data-id=\"1498dd0\" data-element_type=\"widget\" data-e-type=\"widget\" data-widget_type=\"icon.default\">\n\t\t\t\t<div class=\"elementor-widget-container\">\n\t\t\t\t\t\t\t<div class=\"elementor-icon-wrapper\">\n\t\t\t<a class=\"elementor-icon\" href=\"https:\/\/hydrography.boku.ac.at\/wordpress\/de\/information-panels\/\">\n\t\t\t<i aria-hidden=\"true\" class=\"hm hm-arrow-left\"><\/i>\t\t\t<\/a>\n\t\t<\/div>\n\t\t\t\t\t\t<\/div>\n\t\t\t\t<\/div>\n\t\t\t\t\t<\/div>\n\t\t<\/div>\n\t\t\t\t<div class=\"has_eae_slider elementor-column elementor-col-33 elementor-top-column elementor-element elementor-element-382062d\" data-eae-slider=\"75708\" data-id=\"382062d\" data-element_type=\"column\" data-e-type=\"column\">\n\t\t\t<div class=\"elementor-widget-wrap elementor-element-populated\">\n\t\t\t\t\t\t<div data-ha-element-link=\"{&quot;url&quot;:&quot;https:\\\/\\\/hydrography.boku.ac.at\\\/wordpress\\\/information-panels\\\/&quot;,&quot;is_external&quot;:&quot;&quot;,&quot;nofollow&quot;:&quot;&quot;}\" style=\"cursor: pointer\" class=\"elementor-element elementor-element-8635c62 eael-dual-header-content-align-center elementor-widget elementor-widget-eael-dual-color-header\" data-id=\"8635c62\" data-element_type=\"widget\" data-e-type=\"widget\" data-widget_type=\"eael-dual-color-header.default\">\n\t\t\t\t<div class=\"elementor-widget-container\">\n\t\t\t\t\t\t\t\t<div class=\"eael-dual-header\">\n\t\t\t\t<h2 class=\"title eael-dch-title\"><span class=\"eael-dch-title-text eael-dch-title-lead lead solid-color\">LAKE ALTAUSSEE<\/span> <span class=\"eael-dch-title-text\">AS A TIME MACHINE<\/span><\/h2>\t\t\t\t\t<span class=\"eael-dch-svg-icon\"><i aria-hidden=\"true\" class=\"fas fa-water\"><\/i><\/span>\t\t\t\t\t\t\t<\/div>\n\n\t\t\t\t\t\t<\/div>\n\t\t\t\t<\/div>\n\t\t\t\t\t<\/div>\n\t\t<\/div>\n\t\t\t\t<div class=\"has_eae_slider elementor-column elementor-col-33 elementor-top-column elementor-element elementor-element-8ab6890\" data-eae-slider=\"74237\" data-id=\"8ab6890\" data-element_type=\"column\" data-e-type=\"column\">\n\t\t\t<div class=\"elementor-widget-wrap elementor-element-populated\">\n\t\t\t\t\t\t<div data-ha-element-link=\"{&quot;url&quot;:&quot;https:\\\/\\\/hydrography.boku.ac.at\\\/wordpress\\\/&quot;,&quot;is_external&quot;:&quot;&quot;,&quot;nofollow&quot;:&quot;&quot;}\" style=\"cursor: pointer\" class=\"elementor-element elementor-element-7985e0c elementor-hidden-tablet elementor-hidden-mobile elementor-widget elementor-widget-image\" data-id=\"7985e0c\" data-element_type=\"widget\" data-e-type=\"widget\" data-widget_type=\"image.default\">\n\t\t\t\t<div class=\"elementor-widget-container\">\n\t\t\t\t\t\t\t\t\t\t\t\t\t\t\t<img decoding=\"async\" src=\"https:\/\/hydrography.boku.ac.at\/wordpress\/wp-content\/uploads\/elementor\/thumbs\/UIBK_Logo-e1738070859303-r0o9wsw65zkjmy1kbqp3zbwezhtxqv6tqa8qbpvldw.png\" title=\"UIBK_Logo\" alt=\"UIBK_Logo\" loading=\"lazy\" \/>\t\t\t\t\t\t\t\t\t\t\t\t\t\t\t<\/div>\n\t\t\t\t<\/div>\n\t\t\t\t\t<\/div>\n\t\t<\/div>\n\t\t\t\t\t<\/div>\n\t\t<\/section>\n\t\t\t\t<section class=\"has_eae_slider elementor-section elementor-top-section elementor-element elementor-element-74cf9a2 elementor-section-boxed elementor-section-height-default elementor-section-height-default\" data-eae-slider=\"14109\" data-id=\"74cf9a2\" data-element_type=\"section\" data-e-type=\"section\" data-settings=\"{&quot;_ha_eqh_enable&quot;:false}\">\n\t\t\t\t\t\t<div class=\"elementor-container elementor-column-gap-default\">\n\t\t\t\t\t<div class=\"has_eae_slider elementor-column elementor-col-100 elementor-top-column elementor-element elementor-element-1d271e3\" data-eae-slider=\"36910\" data-id=\"1d271e3\" data-element_type=\"column\" data-e-type=\"column\">\n\t\t\t<div class=\"elementor-widget-wrap elementor-element-populated\">\n\t\t\t\t\t\t<div class=\"elementor-element elementor-element-9c1bfef elementor-widget__width-auto elementor-widget elementor-widget-text-editor\" data-id=\"9c1bfef\" data-element_type=\"widget\" data-e-type=\"widget\" data-settings=\"{&quot;ha_floating_fx&quot;:&quot;yes&quot;}\" data-widget_type=\"text-editor.default\">\n\t\t\t\t<div class=\"elementor-widget-container\">\n\t\t\t\t\t\t\t\t\t<h1>THE HISTORY OF THE LAKE LIES IN THE LAKE MUD<\/h1><p>After the last glaciation around 15,000 years Before Common Era (BCE), the W\u00fcrmian glaciers formed a natural dam (end moraine) as they retreated, allowing the emergence of Lake Altaussee from the meltwater. At times, its water level was higher than today and the Altaussee community would have been submerged until prehistory. Later, the water level dropped up to 20 meters below the current level. Lake Altaussee finally rose to its current level when multiple debris flows<br \/>blocked the prehistoric outflow.<\/p><p>Im Hochmittelalter, etwa um 800 n. Chr., ereigneten sich im Osten des Sees mehrere gro\u00dfe Felsst\u00fcrze mit insgesamt \u00fcber 300.000 m\u00b3 an Schutt, Ger\u00f6ll und Felsbl\u00f6cken. Am Seeboden sind daher Steinbl\u00f6cke mit \u00fcber 10 m H\u00f6he und 80 m Breite auffindbar.During the High Medieval, around 800 AD, several rockfalls occurred at the east end of the lake, totaling over 300,000 m\u00b3 of debris, rocks, and boulders. Boulders over 10 m high and 80 m wide can be found on the lake bottom.<\/p><p>Around 1,100 AD, the Augstbach flowed into Lake Altaussee and was diverted into the Altausseer Traun by human intervention 200 years later.<\/p>\t\t\t\t\t\t\t\t<\/div>\n\t\t\t\t<\/div>\n\t\t\t\t\t<\/div>\n\t\t<\/div>\n\t\t\t\t\t<\/div>\n\t\t<\/section>\n\t\t\t\t<section class=\"has_eae_slider elementor-section elementor-top-section elementor-element elementor-element-72dde8d elementor-section-boxed elementor-section-height-default elementor-section-height-default\" data-eae-slider=\"24617\" data-id=\"72dde8d\" data-element_type=\"section\" data-e-type=\"section\" data-settings=\"{&quot;_ha_eqh_enable&quot;:false}\">\n\t\t\t\t\t\t<div class=\"elementor-container elementor-column-gap-default\">\n\t\t\t\t\t<div class=\"has_eae_slider elementor-column elementor-col-100 elementor-top-column elementor-element elementor-element-43c1c64\" data-eae-slider=\"78853\" data-id=\"43c1c64\" data-element_type=\"column\" data-e-type=\"column\">\n\t\t\t<div class=\"elementor-widget-wrap elementor-element-populated\">\n\t\t\t\t\t\t<div class=\"elementor-element elementor-element-3a8423e elementor-widget elementor-widget-image\" data-id=\"3a8423e\" data-element_type=\"widget\" data-e-type=\"widget\" data-widget_type=\"image.default\">\n\t\t\t\t<div class=\"elementor-widget-container\">\n\t\t\t\t\t\t\t\t\t\t\t\t<figure class=\"wp-caption\">\n\t\t\t\t\t\t\t\t\t\t<img fetchpriority=\"high\" decoding=\"async\" width=\"9728\" height=\"6711\" src=\"https:\/\/hydrography.boku.ac.at\/wordpress\/wp-content\/uploads\/2024\/06\/AA_Tafel_5_V_99x110cm_final_02-copy.jpg\" class=\"attachment-full size-full wp-image-1809\" alt=\"\" srcset=\"https:\/\/hydrography.boku.ac.at\/wordpress\/wp-content\/uploads\/2024\/06\/AA_Tafel_5_V_99x110cm_final_02-copy.jpg 9728w, https:\/\/hydrography.boku.ac.at\/wordpress\/wp-content\/uploads\/2024\/06\/AA_Tafel_5_V_99x110cm_final_02-copy-300x207.jpg 300w, https:\/\/hydrography.boku.ac.at\/wordpress\/wp-content\/uploads\/2024\/06\/AA_Tafel_5_V_99x110cm_final_02-copy-1024x706.jpg 1024w, https:\/\/hydrography.boku.ac.at\/wordpress\/wp-content\/uploads\/2024\/06\/AA_Tafel_5_V_99x110cm_final_02-copy-768x530.jpg 768w, https:\/\/hydrography.boku.ac.at\/wordpress\/wp-content\/uploads\/2024\/06\/AA_Tafel_5_V_99x110cm_final_02-copy-18x12.jpg 18w\" sizes=\"(max-width: 9728px) 100vw, 9728px\" \/>\t\t\t\t\t\t\t\t\t\t\t<figcaption class=\"widget-image-caption wp-caption-text\"><\/figcaption>\n\t\t\t\t\t\t\t\t\t\t<\/figure>\n\t\t\t\t\t\t\t\t\t<\/div>\n\t\t\t\t<\/div>\n\t\t\t\t\t<\/div>\n\t\t<\/div>\n\t\t\t\t\t<\/div>\n\t\t<\/section>\n\t\t\t\t<section class=\"has_eae_slider elementor-section elementor-top-section elementor-element elementor-element-208adf3 elementor-section-boxed elementor-section-height-default elementor-section-height-default\" data-eae-slider=\"68391\" data-id=\"208adf3\" data-element_type=\"section\" data-e-type=\"section\" data-settings=\"{&quot;_ha_eqh_enable&quot;:false}\">\n\t\t\t\t\t\t<div class=\"elementor-container elementor-column-gap-default\">\n\t\t\t\t\t<div class=\"has_eae_slider elementor-column elementor-col-100 elementor-top-column elementor-element elementor-element-92cf07d\" data-eae-slider=\"24026\" data-id=\"92cf07d\" data-element_type=\"column\" data-e-type=\"column\">\n\t\t\t<div class=\"elementor-widget-wrap elementor-element-populated\">\n\t\t\t\t\t\t<div class=\"elementor-element elementor-element-fb3f0a2 elementor-widget-divider--view-line elementor-widget elementor-widget-divider\" data-id=\"fb3f0a2\" data-element_type=\"widget\" data-e-type=\"widget\" data-widget_type=\"divider.default\">\n\t\t\t\t<div class=\"elementor-widget-container\">\n\t\t\t\t\t\t\t<div class=\"elementor-divider\">\n\t\t\t<span class=\"elementor-divider-separator\">\n\t\t\t\t\t\t<\/span>\n\t\t<\/div>\n\t\t\t\t\t\t<\/div>\n\t\t\t\t<\/div>\n\t\t\t\t<div data-ha-element-link=\"{&quot;url&quot;:&quot;https:\\\/\\\/hydrography.boku.ac.at\\\/wordpress\\\/information-panels\\\/&quot;,&quot;is_external&quot;:&quot;&quot;,&quot;nofollow&quot;:&quot;&quot;}\" style=\"cursor: pointer\" class=\"elementor-element elementor-element-9838e13 eael-dual-header-content-align-center elementor-widget elementor-widget-eael-dual-color-header\" data-id=\"9838e13\" data-element_type=\"widget\" data-e-type=\"widget\" data-widget_type=\"eael-dual-color-header.default\">\n\t\t\t\t<div class=\"elementor-widget-container\">\n\t\t\t\t\t\t\t\t<div class=\"eael-dual-header\">\n\t\t\t\t<h4 class=\"title eael-dch-title\"><span class=\"eael-dch-title-text eael-dch-title-lead lead solid-color\">back <\/span> <span class=\"eael-dch-title-text\">to the Panel Overview<\/span><\/h4>\t\t\t\t\t<span class=\"eael-dch-svg-icon\"><i aria-hidden=\"true\" class=\"fas fa-arrow-left\"><\/i><\/span>\t\t\t\t\t\t\t<\/div>\n\n\t\t\t\t\t\t<\/div>\n\t\t\t\t<\/div>\n\t\t\t\t\t<\/div>\n\t\t<\/div>\n\t\t\t\t\t<\/div>\n\t\t<\/section>\n\t\t\t\t<\/div>","protected":false},"excerpt":{"rendered":"<p>LAKE ALTAUSSEE AS A TIME MACHINE THE HISTORY OF THE LAKE LIES IN THE LAKE MUD After the last glaciation around 15,000 years Before Common Era (BCE), the W\u00fcrmian glaciers formed a natural dam (end moraine) as they retreated, allowing the emergence of Lake Altaussee from the meltwater. At times, its water level was higher [&hellip;]<\/p>\n","protected":false},"author":3,"featured_media":0,"parent":0,"menu_order":0,"comment_status":"closed","ping_status":"closed","template":"elementor_canvas","meta":{"ocean_post_layout":"","ocean_both_sidebars_style":"","ocean_both_sidebars_content_width":0,"ocean_both_sidebars_sidebars_width":0,"ocean_sidebar":"","ocean_second_sidebar":"","ocean_disable_margins":"enable","ocean_add_body_class":"","ocean_shortcode_before_top_bar":"","ocean_shortcode_after_top_bar":"","ocean_shortcode_before_header":"","ocean_shortcode_after_header":"","ocean_has_shortcode":"","ocean_shortcode_after_title":"","ocean_shortcode_before_footer_widgets":"","ocean_shortcode_after_footer_widgets":"","ocean_shortcode_before_footer_bottom":"","ocean_shortcode_after_footer_bottom":"","ocean_display_top_bar":"default","ocean_display_header":"default","ocean_header_style":"","ocean_center_header_left_menu":"","ocean_custom_header_template":"","ocean_custom_logo":0,"ocean_custom_retina_logo":0,"ocean_custom_logo_max_width":0,"ocean_custom_logo_tablet_max_width":0,"ocean_custom_logo_mobile_max_width":0,"ocean_custom_logo_max_height":0,"ocean_custom_logo_tablet_max_height":0,"ocean_custom_logo_mobile_max_height":0,"ocean_header_custom_menu":"","ocean_menu_typo_font_family":"","ocean_menu_typo_font_subset":"","ocean_menu_typo_font_size":0,"ocean_menu_typo_font_size_tablet":0,"ocean_menu_typo_font_size_mobile":0,"ocean_menu_typo_font_size_unit":"px","ocean_menu_typo_font_weight":"","ocean_menu_typo_font_weight_tablet":"","ocean_menu_typo_font_weight_mobile":"","ocean_menu_typo_transform":"","ocean_menu_typo_transform_tablet":"","ocean_menu_typo_transform_mobile":"","ocean_menu_typo_line_height":0,"ocean_menu_typo_line_height_tablet":0,"ocean_menu_typo_line_height_mobile":0,"ocean_menu_typo_line_height_unit":"","ocean_menu_typo_spacing":0,"ocean_menu_typo_spacing_tablet":0,"ocean_menu_typo_spacing_mobile":0,"ocean_menu_typo_spacing_unit":"","ocean_menu_link_color":"","ocean_menu_link_color_hover":"","ocean_menu_link_color_active":"","ocean_menu_link_background":"","ocean_menu_link_hover_background":"","ocean_menu_link_active_background":"","ocean_menu_social_links_bg":"","ocean_menu_social_hover_links_bg":"","ocean_menu_social_links_color":"","ocean_menu_social_hover_links_color":"","ocean_disable_title":"default","ocean_disable_heading":"default","ocean_post_title":"","ocean_post_subheading":"","ocean_post_title_style":"","ocean_post_title_background_color":"","ocean_post_title_background":0,"ocean_post_title_bg_image_position":"","ocean_post_title_bg_image_attachment":"","ocean_post_title_bg_image_repeat":"","ocean_post_title_bg_image_size":"","ocean_post_title_height":0,"ocean_post_title_bg_overlay":0.5,"ocean_post_title_bg_overlay_color":"","ocean_disable_breadcrumbs":"default","ocean_breadcrumbs_color":"","ocean_breadcrumbs_separator_color":"","ocean_breadcrumbs_links_color":"","ocean_breadcrumbs_links_hover_color":"","ocean_display_footer_widgets":"default","ocean_display_footer_bottom":"default","ocean_custom_footer_template":"","footnotes":""},"class_list":["post-1806","page","type-page","status-publish","hentry","entry"],"_links":{"self":[{"href":"https:\/\/hydrography.boku.ac.at\/wordpress\/de\/wp-json\/wp\/v2\/pages\/1806","targetHints":{"allow":["GET"]}}],"collection":[{"href":"https:\/\/hydrography.boku.ac.at\/wordpress\/de\/wp-json\/wp\/v2\/pages"}],"about":[{"href":"https:\/\/hydrography.boku.ac.at\/wordpress\/de\/wp-json\/wp\/v2\/types\/page"}],"author":[{"embeddable":true,"href":"https:\/\/hydrography.boku.ac.at\/wordpress\/de\/wp-json\/wp\/v2\/users\/3"}],"replies":[{"embeddable":true,"href":"https:\/\/hydrography.boku.ac.at\/wordpress\/de\/wp-json\/wp\/v2\/comments?post=1806"}],"version-history":[{"count":16,"href":"https:\/\/hydrography.boku.ac.at\/wordpress\/de\/wp-json\/wp\/v2\/pages\/1806\/revisions"}],"predecessor-version":[{"id":2086,"href":"https:\/\/hydrography.boku.ac.at\/wordpress\/de\/wp-json\/wp\/v2\/pages\/1806\/revisions\/2086"}],"wp:attachment":[{"href":"https:\/\/hydrography.boku.ac.at\/wordpress\/de\/wp-json\/wp\/v2\/media?parent=1806"}],"curies":[{"name":"wp","href":"https:\/\/api.w.org\/{rel}","templated":true}]}}